{"id":3175,"date":"2021-05-18T12:19:34","date_gmt":"2021-05-18T10:19:34","guid":{"rendered":"https:\/\/www.psihomedika.com\/reth-ne\/"},"modified":"2021-05-18T12:19:34","modified_gmt":"2021-05-18T10:19:34","slug":"reth-ne","status":"publish","type":"page","link":"https:\/\/www.psihomedika.com\/sq\/reth-ne\/","title":{"rendered":"Reth ne"},"content":{"rendered":"<h2>Reth ne<\/h2>\n\n<p><strong>Mir\u00ebseardh\u00ebt n\u00eb platform\u00ebn e pare p\u00ebr psikoterapi onlajn n\u00eb gjuhen maqedone dhe gjuh\u00ebn shqipe.<\/strong><\/p>\n\n<p>N\u00eb k\u00ebte koh\u00eb t\u00eb jasht\u00ebzakonshme n\u00eb t\u00eb cil\u00ebn jetojme, gj\u00ebja m\u00eb e mir\u00eb t\u00eb cil\u00ebn mund ta b\u00ebjm\u00eb esht\u00eb ta mbrojm\u00eb vet\u00ebvetjen, dhe ti p\u00ebrkushtojm\u00eb m\u00eb shum\u00eb koh\u00eb  dhe resurse shendetit mendor, dhe t\u00eb sherohemi nga humbjet dhe traumat.<\/p>\n\n<p>Psihomedika \u00ebsht\u00eb nj\u00eb nd\u00ebr entet e para shendetsore private ne Republiken e Maqedonise s\u00eb Veriut e cila meret  me neuropsikiatri dhe sh\u00ebndetn\u00eb mendor. Nj\u00eb num\u00ebr i math i kuadrove kan\u00eb kaluar trajnim t\u00eb vazhduesh\u00ebm n\u00eb organizat\u00ebn tone.<\/p>\n\n<p>Pas ndodhis\u00eb me KOVID-19 , mor\u00ebm vendim se jemi t\u00eb pregatitur p\u00ebr sfid\u00ebn ,, psihoterapi onlajn,,. Ndjem\u00eb qe kjo \u00ebsht\u00eb e nevojshme p\u00ebr klient\u00ebt tone.<\/p>\n\n<p>Para juve \u00ebsht\u00eb platfoma e cila \u00ebsht\u00eb e punuar me shum\u00eb dashuri, n\u00eb t\u00eb cil\u00ebn \u00ebsht\u00eb nd\u00ebrthurur shpirti I krijuesve dhe terapist\u00ebve.<\/p>\n\n<p>Platforma \u00ebsht\u00eb p\u00ebr te gjith\u00eb klient\u00ebt t\u00eb cil\u00ebt e kan\u00eb t\u00eb pamundur t\u00eb vine fizikisht , p\u00ebr t\u00eb gjith\u00eb ata t\u00eb cil\u00ebt jane larg dhe nuk mund t\u00eb marin dite t\u00eb lire nga puna, p\u00ebr ata t\u00eb cil\u00ebt jetojn\u00eb larg por duan q\u00eb p\u00ebr shpirtin e tyre t\u00eb flasin n\u00eb gjuh\u00ebn amtare. N\u00eb fakt, platforma e ndjek m\u00ebnyr\u00ebn bashk\u00ebkohore t\u00eb jetes\u00ebs, ku informatat shp\u00ebrndahen shume shpejt, dhe kudo q\u00eb t\u00eb ndodhemi mund te jemi af\u00ebr.<\/p>\n\n<p>Platforma e Psihomedik\u00ebs p\u00ebr psihoterapi onlajn siguron ndihm\u00eb psikologjike-psihiatrike t\u00eb sigurt\u00eb, diskrete dhe cil\u00ebsore.<\/p>\n\n<p>Mjek\u00ebt t\u00eb cil\u00ebt punojn\u00eb n\u00eb platform\u00ebn kane licenc\u00eb p\u00ebr pun\u00eb n\u00eb Republik\u00ebn e Maqedonis\u00eb s\u00eb Veriut.<\/p>\n\n<p>Psikolog\u00ebt, pedagog\u00ebt, puntor\u00ebt social jan\u00eb t\u00eb trajnuor\u00eb t\u00eb punojn\u00eb n\u00eb se paku nj\u00eb drejtim psikotereapeutik. Terapist\u00ebt tan\u00eb m\u00eb shpesh punojn\u00eb n\u00eb psikoterapi sistemike familjare, terapia e njohjes s\u00eb sjelljes dhe geshtall terapia.<\/p>\n\n<p>Shprsojm\u00eb se do ti plotsojm\u00eb pritjet tuaja. Ju faleminderit qe zgjodh\u00ebt platform\u00ebn ton\u00eb t\u00eb jet\u00eb ajo q\u00eb do t\u00eb nxjer\u00eb ne pah m\u00eb t\u00eb mir\u00ebn nga vet\u00ebvetja juaj. Suksesi \u00ebshte I juaji, ne do tju ndihmojm\u00eb ta mbrini at\u00eb.<\/p>\n<p><img fetchpriority=\"high\" decoding=\"async\" class=\"aligncenter\" src=\"https:\/\/www.psihomedika.com\/wp-content\/uploads\/2021\/04\/terapevti-1024x643.jpg\" sizes=\"(max-width: 1024px) 100vw, 1024px\" srcset=\"https:\/\/www.psihomedika.com\/wp-content\/uploads\/2021\/04\/terapevti-1024x643.jpg 1024w, https:\/\/www.psihomedika.com\/wp-content\/uploads\/2021\/04\/terapevti-300x189.jpg 300w, https:\/\/www.psihomedika.com\/wp-content\/uploads\/2021\/04\/terapevti-768x483.jpg 768w, https:\/\/www.psihomedika.com\/wp-content\/uploads\/2021\/04\/terapevti-16x10.jpg 16w, https:\/\/www.psihomedika.com\/wp-content\/uploads\/2021\/04\/terapevti-600x377.jpg 600w, https:\/\/www.psihomedika.com\/wp-content\/uploads\/2021\/04\/terapevti-420x265.jpg 420w, https:\/\/www.psihomedika.com\/wp-content\/uploads\/2021\/04\/terapevti-585x368.jpg 585w, https:\/\/www.psihomedika.com\/wp-content\/uploads\/2021\/04\/terapevti.jpg 1028w\" alt=\"\" width=\"1024\" height=\"643\" \/><\/p>\n","protected":false},"excerpt":{"rendered":"<p>Reth ne Mir\u00ebseardh\u00ebt n\u00eb platform\u00ebn e pare p\u00ebr psikoterapi onlajn n\u00eb gjuhen maqedone dhe gjuh\u00ebn shqipe. N\u00eb k\u00ebte koh\u00eb t\u00eb jasht\u00ebzakonshme n\u00eb t\u00eb cil\u00ebn jetojme, gj\u00ebja m\u00eb e mir\u00eb t\u00eb cil\u00ebn mund ta b\u00ebjm\u00eb esht\u00eb ta mbrojm\u00eb vet\u00ebvetjen, dhe ti p\u00ebrkushtojm\u00eb m\u00eb shum\u00eb koh\u00eb dhe&#8230;<\/p>\n","protected":false},"author":1,"featured_media":0,"parent":0,"menu_order":0,"comment_status":"closed","ping_status":"closed","template":"elementor_theme","meta":{"footnotes":""},"class_list":["post-3175","page","type-page","status-publish","hentry"],"yoast_head":"<!-- This site is optimized with the Yoast SEO plugin v27.1.1 - https:\/\/yoast.com\/product\/yoast-seo-wordpress\/ -->\n<title>Reth ne - Psihomedika<\/title>\n<meta name=\"robots\" content=\"index, follow, max-snippet:-1, max-image-preview:large, max-video-preview:-1\" \/>\n<link rel=\"canonical\" href=\"https:\/\/www.psihomedika.com\/sq\/reth-ne\/\" \/>\n<meta property=\"og:locale\" content=\"sq_AL\" \/>\n<meta property=\"og:type\" content=\"article\" \/>\n<meta property=\"og:title\" content=\"Reth ne - Psihomedika\" \/>\n<meta property=\"og:description\" content=\"Reth ne Mir\u00ebseardh\u00ebt n\u00eb platform\u00ebn e pare p\u00ebr psikoterapi onlajn n\u00eb gjuhen maqedone dhe gjuh\u00ebn shqipe. N\u00eb k\u00ebte koh\u00eb t\u00eb jasht\u00ebzakonshme n\u00eb t\u00eb cil\u00ebn jetojme, gj\u00ebja m\u00eb e mir\u00eb t\u00eb cil\u00ebn mund ta b\u00ebjm\u00eb esht\u00eb ta mbrojm\u00eb vet\u00ebvetjen, dhe ti p\u00ebrkushtojm\u00eb m\u00eb shum\u00eb koh\u00eb dhe...\" \/>\n<meta property=\"og:url\" content=\"https:\/\/www.psihomedika.com\/sq\/reth-ne\/\" \/>\n<meta property=\"og:site_name\" content=\"Psihomedika\" \/>\n<meta property=\"article:publisher\" content=\"https:\/\/www.facebook.com\/psihomedika\" \/>\n<meta property=\"og:image\" content=\"https:\/\/www.psihomedika.com\/wp-content\/uploads\/2021\/04\/terapevti-1024x643.jpg\" \/>\n<meta name=\"twitter:card\" content=\"summary_large_image\" \/>\n<meta name=\"twitter:label1\" content=\"Est. reading time\" \/>\n\t<meta name=\"twitter:data1\" content=\"2 minutes\" \/>\n<script type=\"application\/ld+json\" class=\"yoast-schema-graph\">{\"@context\":\"https:\/\/schema.org\",\"@graph\":[{\"@type\":\"WebPage\",\"@id\":\"https:\/\/www.psihomedika.com\/sq\/reth-ne\/\",\"url\":\"https:\/\/www.psihomedika.com\/sq\/reth-ne\/\",\"name\":\"Reth ne - Psihomedika\",\"isPartOf\":{\"@id\":\"https:\/\/www.psihomedika.com\/#website\"},\"primaryImageOfPage\":{\"@id\":\"https:\/\/www.psihomedika.com\/sq\/reth-ne\/#primaryimage\"},\"image\":{\"@id\":\"https:\/\/www.psihomedika.com\/sq\/reth-ne\/#primaryimage\"},\"thumbnailUrl\":\"https:\/\/www.psihomedika.com\/wp-content\/uploads\/2021\/04\/terapevti-1024x643.jpg\",\"datePublished\":\"2021-05-18T10:19:34+00:00\",\"breadcrumb\":{\"@id\":\"https:\/\/www.psihomedika.com\/sq\/reth-ne\/#breadcrumb\"},\"inLanguage\":\"sq-AL\",\"potentialAction\":[{\"@type\":\"ReadAction\",\"target\":[\"https:\/\/www.psihomedika.com\/sq\/reth-ne\/\"]}]},{\"@type\":\"ImageObject\",\"inLanguage\":\"sq-AL\",\"@id\":\"https:\/\/www.psihomedika.com\/sq\/reth-ne\/#primaryimage\",\"url\":\"https:\/\/www.psihomedika.com\/wp-content\/uploads\/2021\/04\/terapevti-1024x643.jpg\",\"contentUrl\":\"https:\/\/www.psihomedika.com\/wp-content\/uploads\/2021\/04\/terapevti-1024x643.jpg\"},{\"@type\":\"BreadcrumbList\",\"@id\":\"https:\/\/www.psihomedika.com\/sq\/reth-ne\/#breadcrumb\",\"itemListElement\":[{\"@type\":\"ListItem\",\"position\":1,\"name\":\"Home\",\"item\":\"https:\/\/www.psihomedika.com\/\"},{\"@type\":\"ListItem\",\"position\":2,\"name\":\"Reth ne\"}]},{\"@type\":\"WebSite\",\"@id\":\"https:\/\/www.psihomedika.com\/#website\",\"url\":\"https:\/\/www.psihomedika.com\/\",\"name\":\"Psihomedika\",\"description\":\"\u040c\u0435 \u0431\u0438\u0434\u0435 \u043f\u043e\u0434\u043e\u0431\u0440\u043e! \u0414\u043e\u0437\u0432\u043e\u043b\u0435\u0442\u0435 \u0434\u0430 \u0412\u0438 \u043f\u043e\u043c\u043e\u0433\u043d\u0435\u043c\u0435 \u0434\u0430 \u0441\u0435 \u043e\u0442\u043a\u0440\u0438\u0435\u0442\u0435 \u0441\u0435\u0431\u0435\u0441\u0438\",\"potentialAction\":[{\"@type\":\"SearchAction\",\"target\":{\"@type\":\"EntryPoint\",\"urlTemplate\":\"https:\/\/www.psihomedika.com\/?s={search_term_string}\"},\"query-input\":{\"@type\":\"PropertyValueSpecification\",\"valueRequired\":true,\"valueName\":\"search_term_string\"}}],\"inLanguage\":\"sq-AL\"}]}<\/script>\n<!-- \/ Yoast SEO plugin. -->","yoast_head_json":{"title":"Reth ne - Psihomedika","robots":{"index":"index","follow":"follow","max-snippet":"max-snippet:-1","max-image-preview":"max-image-preview:large","max-video-preview":"max-video-preview:-1"},"canonical":"https:\/\/www.psihomedika.com\/sq\/reth-ne\/","og_locale":"sq_AL","og_type":"article","og_title":"Reth ne - Psihomedika","og_description":"Reth ne Mir\u00ebseardh\u00ebt n\u00eb platform\u00ebn e pare p\u00ebr psikoterapi onlajn n\u00eb gjuhen maqedone dhe gjuh\u00ebn shqipe. N\u00eb k\u00ebte koh\u00eb t\u00eb jasht\u00ebzakonshme n\u00eb t\u00eb cil\u00ebn jetojme, gj\u00ebja m\u00eb e mir\u00eb t\u00eb cil\u00ebn mund ta b\u00ebjm\u00eb esht\u00eb ta mbrojm\u00eb vet\u00ebvetjen, dhe ti p\u00ebrkushtojm\u00eb m\u00eb shum\u00eb koh\u00eb dhe...","og_url":"https:\/\/www.psihomedika.com\/sq\/reth-ne\/","og_site_name":"Psihomedika","article_publisher":"https:\/\/www.facebook.com\/psihomedika","og_image":[{"url":"https:\/\/www.psihomedika.com\/wp-content\/uploads\/2021\/04\/terapevti-1024x643.jpg","type":"","width":"","height":""}],"twitter_card":"summary_large_image","twitter_misc":{"Est. reading time":"2 minutes"},"schema":{"@context":"https:\/\/schema.org","@graph":[{"@type":"WebPage","@id":"https:\/\/www.psihomedika.com\/sq\/reth-ne\/","url":"https:\/\/www.psihomedika.com\/sq\/reth-ne\/","name":"Reth ne - Psihomedika","isPartOf":{"@id":"https:\/\/www.psihomedika.com\/#website"},"primaryImageOfPage":{"@id":"https:\/\/www.psihomedika.com\/sq\/reth-ne\/#primaryimage"},"image":{"@id":"https:\/\/www.psihomedika.com\/sq\/reth-ne\/#primaryimage"},"thumbnailUrl":"https:\/\/www.psihomedika.com\/wp-content\/uploads\/2021\/04\/terapevti-1024x643.jpg","datePublished":"2021-05-18T10:19:34+00:00","breadcrumb":{"@id":"https:\/\/www.psihomedika.com\/sq\/reth-ne\/#breadcrumb"},"inLanguage":"sq-AL","potentialAction":[{"@type":"ReadAction","target":["https:\/\/www.psihomedika.com\/sq\/reth-ne\/"]}]},{"@type":"ImageObject","inLanguage":"sq-AL","@id":"https:\/\/www.psihomedika.com\/sq\/reth-ne\/#primaryimage","url":"https:\/\/www.psihomedika.com\/wp-content\/uploads\/2021\/04\/terapevti-1024x643.jpg","contentUrl":"https:\/\/www.psihomedika.com\/wp-content\/uploads\/2021\/04\/terapevti-1024x643.jpg"},{"@type":"BreadcrumbList","@id":"https:\/\/www.psihomedika.com\/sq\/reth-ne\/#breadcrumb","itemListElement":[{"@type":"ListItem","position":1,"name":"Home","item":"https:\/\/www.psihomedika.com\/"},{"@type":"ListItem","position":2,"name":"Reth ne"}]},{"@type":"WebSite","@id":"https:\/\/www.psihomedika.com\/#website","url":"https:\/\/www.psihomedika.com\/","name":"Psihomedika","description":"\u040c\u0435 \u0431\u0438\u0434\u0435 \u043f\u043e\u0434\u043e\u0431\u0440\u043e! \u0414\u043e\u0437\u0432\u043e\u043b\u0435\u0442\u0435 \u0434\u0430 \u0412\u0438 \u043f\u043e\u043c\u043e\u0433\u043d\u0435\u043c\u0435 \u0434\u0430 \u0441\u0435 \u043e\u0442\u043a\u0440\u0438\u0435\u0442\u0435 \u0441\u0435\u0431\u0435\u0441\u0438","potentialAction":[{"@type":"SearchAction","target":{"@type":"EntryPoint","urlTemplate":"https:\/\/www.psihomedika.com\/?s={search_term_string}"},"query-input":{"@type":"PropertyValueSpecification","valueRequired":true,"valueName":"search_term_string"}}],"inLanguage":"sq-AL"}]}},"_links":{"self":[{"href":"https:\/\/www.psihomedika.com\/sq\/wp-json\/wp\/v2\/pages\/3175","targetHints":{"allow":["GET"]}}],"collection":[{"href":"https:\/\/www.psihomedika.com\/sq\/wp-json\/wp\/v2\/pages"}],"about":[{"href":"https:\/\/www.psihomedika.com\/sq\/wp-json\/wp\/v2\/types\/page"}],"author":[{"embeddable":true,"href":"https:\/\/www.psihomedika.com\/sq\/wp-json\/wp\/v2\/users\/1"}],"replies":[{"embeddable":true,"href":"https:\/\/www.psihomedika.com\/sq\/wp-json\/wp\/v2\/comments?post=3175"}],"version-history":[{"count":1,"href":"https:\/\/www.psihomedika.com\/sq\/wp-json\/wp\/v2\/pages\/3175\/revisions"}],"predecessor-version":[{"id":3176,"href":"https:\/\/www.psihomedika.com\/sq\/wp-json\/wp\/v2\/pages\/3175\/revisions\/3176"}],"wp:attachment":[{"href":"https:\/\/www.psihomedika.com\/sq\/wp-json\/wp\/v2\/media?parent=3175"}],"curies":[{"name":"wp","href":"https:\/\/api.w.org\/{rel}","templated":true}]}}