{"id":7448,"date":"2024-11-20T20:23:57","date_gmt":"2024-11-20T19:23:57","guid":{"rendered":"https:\/\/www.psihomedika.com\/?post_type=product&#038;p=7448"},"modified":"2024-11-26T14:28:56","modified_gmt":"2024-11-26T13:28:56","slug":"terapi-partnere-dhe-familjare-nje-video-sesion-90-minuta-nebahat-imeri","status":"publish","type":"product","link":"https:\/\/www.psihomedika.com\/sq\/\u041f\u0440\u043e\u0438\u0437\u0432\u043e\u0434\/terapi-partnere-dhe-familjare-nje-video-sesion-90-minuta-nebahat-imeri\/","title":{"rendered":"Terapi partnere dhe familjare \u2013 nj\u00eb video sesion 90 minuta (Nebahat Imeri)"},"content":{"rendered":"<p>Terapia partnere mund tju ndihmoj\u00eb n\u00ebse duoni:<\/p>\n<ul>\n<li>Ta p\u00ebrmirsoni komunikimin e nd\u00ebrsjell\u00eb<\/li>\n<li>T\u00eb kuptoni m\u00eb mire vet\u00ebveten dhe partnerin tuaj<\/li>\n<li>Da ktheni ose p\u00ebrmirsoni intimintetin n\u00eb martes\u00eb<\/li>\n<li>Ti p\u00ebrputhni aktivitetet e cdoditshme<\/li>\n<li>T\u00eb p\u00ebrmirsoheni si prind\u00ebr<\/li>\n<li>T\u00eb p\u00ebrputheni n\u00eb mardh\u00ebnien thuaj ndaj f\u00ebmij\u00ebve<\/li>\n<li>T\u00eb tejkaloni tradh\u00ebti<\/li>\n<li>Ta ruoni martes\u00ebn tuaj<\/li>\n<li>T\u00eb vendosni vall t\u00eb divorcoheni<\/li>\n<li>Ta tejkaloni m\u00eb leht\u00eb divorcin<\/li>\n<li>Mos I shkaktoni dhimbje vet\u00ebvetes<\/li>\n<\/ul>\n","protected":false},"excerpt":{"rendered":"<p>Terapi partnere dhe familjare \u2013 nj\u00eb video sesion 90 minuta<\/p>\n<p>Zgjidhni terapist\u00a0 dhe caktoni takim p\u00ebr juve ose f\u00ebmij\u00ebn tuaj.<\/p>\n","protected":false},"featured_media":2774,"template":"","meta":[],"product_brand":[],"product_cat":[],"product_tag":[],"class_list":{"0":"post-7448","1":"product","2":"type-product","3":"status-publish","4":"has-post-thumbnail","7":"first","8":"instock","9":"virtual","10":"purchasable","11":"product-type-appointment"},"exclude_global_add_ons":[],"addons":[],"yoast_head":"<!-- This site is optimized with the Yoast SEO plugin v27.1.1 - https:\/\/yoast.com\/product\/yoast-seo-wordpress\/ -->\n<title>Terapi partnere dhe familjare \u2013 nj\u00eb video sesion 90 minuta (Nebahat Imeri) - Psihomedika<\/title>\n<meta name=\"robots\" content=\"index, follow, max-snippet:-1, max-image-preview:large, max-video-preview:-1\" \/>\n<link rel=\"canonical\" href=\"https:\/\/www.psihomedika.com\/sq\/\u041f\u0440\u043e\u0438\u0437\u0432\u043e\u0434\/terapi-partnere-dhe-familjare-nje-video-sesion-90-minuta-nebahat-imeri\/\" \/>\n<meta property=\"og:locale\" content=\"sq_AL\" \/>\n<meta property=\"og:type\" content=\"article\" \/>\n<meta property=\"og:title\" content=\"Terapi partnere dhe familjare \u2013 nj\u00eb video sesion 90 minuta (Nebahat Imeri) - Psihomedika\" \/>\n<meta property=\"og:description\" content=\"Terapi partnere dhe familjare \u2013 nj\u00eb video sesion 90 minuta  Zgjidhni terapist\u00a0 dhe caktoni takim p\u00ebr juve ose f\u00ebmij\u00ebn tuaj.\" \/>\n<meta property=\"og:url\" content=\"https:\/\/www.psihomedika.com\/sq\/\u041f\u0440\u043e\u0438\u0437\u0432\u043e\u0434\/terapi-partnere-dhe-familjare-nje-video-sesion-90-minuta-nebahat-imeri\/\" \/>\n<meta property=\"og:site_name\" content=\"Psihomedika\" \/>\n<meta property=\"article:publisher\" content=\"https:\/\/www.facebook.com\/psihomedika\" \/>\n<meta property=\"article:modified_time\" content=\"2024-11-26T13:28:56+00:00\" \/>\n<meta property=\"og:image\" content=\"https:\/\/www.psihomedika.com\/wp-content\/uploads\/2021\/02\/PT01-1280x1280-1.jpg\" \/>\n\t<meta property=\"og:image:width\" content=\"1280\" \/>\n\t<meta property=\"og:image:height\" content=\"1280\" \/>\n\t<meta property=\"og:image:type\" content=\"image\/jpeg\" \/>\n<meta name=\"twitter:card\" content=\"summary_large_image\" \/>\n<meta name=\"twitter:label1\" content=\"Est. reading time\" \/>\n\t<meta name=\"twitter:data1\" content=\"1 minute\" \/>\n<script type=\"application\/ld+json\" class=\"yoast-schema-graph\">{\"@context\":\"https:\/\/schema.org\",\"@graph\":[{\"@type\":\"WebPage\",\"@id\":\"https:\/\/www.psihomedika.com\/sq\/\u041f\u0440\u043e\u0438\u0437\u0432\u043e\u0434\/terapi-partnere-dhe-familjare-nje-video-sesion-90-minuta-nebahat-imeri\/\",\"url\":\"https:\/\/www.psihomedika.com\/sq\/\u041f\u0440\u043e\u0438\u0437\u0432\u043e\u0434\/terapi-partnere-dhe-familjare-nje-video-sesion-90-minuta-nebahat-imeri\/\",\"name\":\"Terapi partnere dhe familjare \u2013 nj\u00eb video sesion 90 minuta (Nebahat Imeri) - Psihomedika\",\"isPartOf\":{\"@id\":\"https:\/\/www.psihomedika.com\/#website\"},\"primaryImageOfPage\":{\"@id\":\"https:\/\/www.psihomedika.com\/sq\/\u041f\u0440\u043e\u0438\u0437\u0432\u043e\u0434\/terapi-partnere-dhe-familjare-nje-video-sesion-90-minuta-nebahat-imeri\/#primaryimage\"},\"image\":{\"@id\":\"https:\/\/www.psihomedika.com\/sq\/\u041f\u0440\u043e\u0438\u0437\u0432\u043e\u0434\/terapi-partnere-dhe-familjare-nje-video-sesion-90-minuta-nebahat-imeri\/#primaryimage\"},\"thumbnailUrl\":\"https:\/\/www.psihomedika.com\/wp-content\/uploads\/2021\/02\/PT01-1280x1280-1.jpg\",\"datePublished\":\"2024-11-20T19:23:57+00:00\",\"dateModified\":\"2024-11-26T13:28:56+00:00\",\"breadcrumb\":{\"@id\":\"https:\/\/www.psihomedika.com\/sq\/\u041f\u0440\u043e\u0438\u0437\u0432\u043e\u0434\/terapi-partnere-dhe-familjare-nje-video-sesion-90-minuta-nebahat-imeri\/#breadcrumb\"},\"inLanguage\":\"sq-AL\",\"potentialAction\":[{\"@type\":\"ReadAction\",\"target\":[\"https:\/\/www.psihomedika.com\/sq\/\u041f\u0440\u043e\u0438\u0437\u0432\u043e\u0434\/terapi-partnere-dhe-familjare-nje-video-sesion-90-minuta-nebahat-imeri\/\"]}]},{\"@type\":\"ImageObject\",\"inLanguage\":\"sq-AL\",\"@id\":\"https:\/\/www.psihomedika.com\/sq\/\u041f\u0440\u043e\u0438\u0437\u0432\u043e\u0434\/terapi-partnere-dhe-familjare-nje-video-sesion-90-minuta-nebahat-imeri\/#primaryimage\",\"url\":\"https:\/\/www.psihomedika.com\/wp-content\/uploads\/2021\/02\/PT01-1280x1280-1.jpg\",\"contentUrl\":\"https:\/\/www.psihomedika.com\/wp-content\/uploads\/2021\/02\/PT01-1280x1280-1.jpg\",\"width\":1280,\"height\":1280},{\"@type\":\"BreadcrumbList\",\"@id\":\"https:\/\/www.psihomedika.com\/sq\/\u041f\u0440\u043e\u0438\u0437\u0432\u043e\u0434\/terapi-partnere-dhe-familjare-nje-video-sesion-90-minuta-nebahat-imeri\/#breadcrumb\",\"itemListElement\":[{\"@type\":\"ListItem\",\"position\":1,\"name\":\"Home\",\"item\":\"https:\/\/www.psihomedika.com\/\"},{\"@type\":\"ListItem\",\"position\":2,\"name\":\"\u041f\u0440\u043e\u0434\u0430\u0432\u043d\u0438\u0446\u0430\",\"item\":\"https:\/\/www.psihomedika.com\/prodavnitsa-2\/\"},{\"@type\":\"ListItem\",\"position\":3,\"name\":\"Terapi partnere dhe familjare \u2013 nj\u00eb video sesion 90 minuta (Nebahat Imeri)\"}]},{\"@type\":\"WebSite\",\"@id\":\"https:\/\/www.psihomedika.com\/#website\",\"url\":\"https:\/\/www.psihomedika.com\/\",\"name\":\"Psihomedika\",\"description\":\"\u040c\u0435 \u0431\u0438\u0434\u0435 \u043f\u043e\u0434\u043e\u0431\u0440\u043e! \u0414\u043e\u0437\u0432\u043e\u043b\u0435\u0442\u0435 \u0434\u0430 \u0412\u0438 \u043f\u043e\u043c\u043e\u0433\u043d\u0435\u043c\u0435 \u0434\u0430 \u0441\u0435 \u043e\u0442\u043a\u0440\u0438\u0435\u0442\u0435 \u0441\u0435\u0431\u0435\u0441\u0438\",\"potentialAction\":[{\"@type\":\"SearchAction\",\"target\":{\"@type\":\"EntryPoint\",\"urlTemplate\":\"https:\/\/www.psihomedika.com\/?s={search_term_string}\"},\"query-input\":{\"@type\":\"PropertyValueSpecification\",\"valueRequired\":true,\"valueName\":\"search_term_string\"}}],\"inLanguage\":\"sq-AL\"}]}<\/script>\n<!-- \/ Yoast SEO plugin. -->","yoast_head_json":{"title":"Terapi partnere dhe familjare \u2013 nj\u00eb video sesion 90 minuta (Nebahat Imeri) - Psihomedika","robots":{"index":"index","follow":"follow","max-snippet":"max-snippet:-1","max-image-preview":"max-image-preview:large","max-video-preview":"max-video-preview:-1"},"canonical":"https:\/\/www.psihomedika.com\/sq\/\u041f\u0440\u043e\u0438\u0437\u0432\u043e\u0434\/terapi-partnere-dhe-familjare-nje-video-sesion-90-minuta-nebahat-imeri\/","og_locale":"sq_AL","og_type":"article","og_title":"Terapi partnere dhe familjare \u2013 nj\u00eb video sesion 90 minuta (Nebahat Imeri) - Psihomedika","og_description":"Terapi partnere dhe familjare \u2013 nj\u00eb video sesion 90 minuta  Zgjidhni terapist\u00a0 dhe caktoni takim p\u00ebr juve ose f\u00ebmij\u00ebn tuaj.","og_url":"https:\/\/www.psihomedika.com\/sq\/\u041f\u0440\u043e\u0438\u0437\u0432\u043e\u0434\/terapi-partnere-dhe-familjare-nje-video-sesion-90-minuta-nebahat-imeri\/","og_site_name":"Psihomedika","article_publisher":"https:\/\/www.facebook.com\/psihomedika","article_modified_time":"2024-11-26T13:28:56+00:00","og_image":[{"width":1280,"height":1280,"url":"https:\/\/www.psihomedika.com\/wp-content\/uploads\/2021\/02\/PT01-1280x1280-1.jpg","type":"image\/jpeg"}],"twitter_card":"summary_large_image","twitter_misc":{"Est. reading time":"1 minute"},"schema":{"@context":"https:\/\/schema.org","@graph":[{"@type":"WebPage","@id":"https:\/\/www.psihomedika.com\/sq\/\u041f\u0440\u043e\u0438\u0437\u0432\u043e\u0434\/terapi-partnere-dhe-familjare-nje-video-sesion-90-minuta-nebahat-imeri\/","url":"https:\/\/www.psihomedika.com\/sq\/\u041f\u0440\u043e\u0438\u0437\u0432\u043e\u0434\/terapi-partnere-dhe-familjare-nje-video-sesion-90-minuta-nebahat-imeri\/","name":"Terapi partnere dhe familjare \u2013 nj\u00eb video sesion 90 minuta (Nebahat Imeri) - Psihomedika","isPartOf":{"@id":"https:\/\/www.psihomedika.com\/#website"},"primaryImageOfPage":{"@id":"https:\/\/www.psihomedika.com\/sq\/\u041f\u0440\u043e\u0438\u0437\u0432\u043e\u0434\/terapi-partnere-dhe-familjare-nje-video-sesion-90-minuta-nebahat-imeri\/#primaryimage"},"image":{"@id":"https:\/\/www.psihomedika.com\/sq\/\u041f\u0440\u043e\u0438\u0437\u0432\u043e\u0434\/terapi-partnere-dhe-familjare-nje-video-sesion-90-minuta-nebahat-imeri\/#primaryimage"},"thumbnailUrl":"https:\/\/www.psihomedika.com\/wp-content\/uploads\/2021\/02\/PT01-1280x1280-1.jpg","datePublished":"2024-11-20T19:23:57+00:00","dateModified":"2024-11-26T13:28:56+00:00","breadcrumb":{"@id":"https:\/\/www.psihomedika.com\/sq\/\u041f\u0440\u043e\u0438\u0437\u0432\u043e\u0434\/terapi-partnere-dhe-familjare-nje-video-sesion-90-minuta-nebahat-imeri\/#breadcrumb"},"inLanguage":"sq-AL","potentialAction":[{"@type":"ReadAction","target":["https:\/\/www.psihomedika.com\/sq\/\u041f\u0440\u043e\u0438\u0437\u0432\u043e\u0434\/terapi-partnere-dhe-familjare-nje-video-sesion-90-minuta-nebahat-imeri\/"]}]},{"@type":"ImageObject","inLanguage":"sq-AL","@id":"https:\/\/www.psihomedika.com\/sq\/\u041f\u0440\u043e\u0438\u0437\u0432\u043e\u0434\/terapi-partnere-dhe-familjare-nje-video-sesion-90-minuta-nebahat-imeri\/#primaryimage","url":"https:\/\/www.psihomedika.com\/wp-content\/uploads\/2021\/02\/PT01-1280x1280-1.jpg","contentUrl":"https:\/\/www.psihomedika.com\/wp-content\/uploads\/2021\/02\/PT01-1280x1280-1.jpg","width":1280,"height":1280},{"@type":"BreadcrumbList","@id":"https:\/\/www.psihomedika.com\/sq\/\u041f\u0440\u043e\u0438\u0437\u0432\u043e\u0434\/terapi-partnere-dhe-familjare-nje-video-sesion-90-minuta-nebahat-imeri\/#breadcrumb","itemListElement":[{"@type":"ListItem","position":1,"name":"Home","item":"https:\/\/www.psihomedika.com\/"},{"@type":"ListItem","position":2,"name":"\u041f\u0440\u043e\u0434\u0430\u0432\u043d\u0438\u0446\u0430","item":"https:\/\/www.psihomedika.com\/prodavnitsa-2\/"},{"@type":"ListItem","position":3,"name":"Terapi partnere dhe familjare \u2013 nj\u00eb video sesion 90 minuta (Nebahat Imeri)"}]},{"@type":"WebSite","@id":"https:\/\/www.psihomedika.com\/#website","url":"https:\/\/www.psihomedika.com\/","name":"Psihomedika","description":"\u040c\u0435 \u0431\u0438\u0434\u0435 \u043f\u043e\u0434\u043e\u0431\u0440\u043e! \u0414\u043e\u0437\u0432\u043e\u043b\u0435\u0442\u0435 \u0434\u0430 \u0412\u0438 \u043f\u043e\u043c\u043e\u0433\u043d\u0435\u043c\u0435 \u0434\u0430 \u0441\u0435 \u043e\u0442\u043a\u0440\u0438\u0435\u0442\u0435 \u0441\u0435\u0431\u0435\u0441\u0438","potentialAction":[{"@type":"SearchAction","target":{"@type":"EntryPoint","urlTemplate":"https:\/\/www.psihomedika.com\/?s={search_term_string}"},"query-input":{"@type":"PropertyValueSpecification","valueRequired":true,"valueName":"search_term_string"}}],"inLanguage":"sq-AL"}]}},"_links":{"self":[{"href":"https:\/\/www.psihomedika.com\/sq\/wp-json\/wp\/v2\/product\/7448","targetHints":{"allow":["GET"]}}],"collection":[{"href":"https:\/\/www.psihomedika.com\/sq\/wp-json\/wp\/v2\/product"}],"about":[{"href":"https:\/\/www.psihomedika.com\/sq\/wp-json\/wp\/v2\/types\/product"}],"wp:featuredmedia":[{"embeddable":true,"href":"https:\/\/www.psihomedika.com\/sq\/wp-json\/wp\/v2\/media\/2774"}],"wp:attachment":[{"href":"https:\/\/www.psihomedika.com\/sq\/wp-json\/wp\/v2\/media?parent=7448"}],"wp:term":[{"taxonomy":"product_brand","embeddable":true,"href":"https:\/\/www.psihomedika.com\/sq\/wp-json\/wp\/v2\/product_brand?post=7448"},{"taxonomy":"product_cat","embeddable":true,"href":"https:\/\/www.psihomedika.com\/sq\/wp-json\/wp\/v2\/product_cat?post=7448"},{"taxonomy":"product_tag","embeddable":true,"href":"https:\/\/www.psihomedika.com\/sq\/wp-json\/wp\/v2\/product_tag?post=7448"}],"curies":[{"name":"wp","href":"https:\/\/api.w.org\/{rel}","templated":true}]}}